{"id":146,"date":"2023-12-22T13:14:04","date_gmt":"2023-12-22T12:14:04","guid":{"rendered":"https:\/\/effervescence-sorbonne.fr\/?page_id=146"},"modified":"2025-03-12T11:49:32","modified_gmt":"2025-03-12T10:49:32","slug":"historique","status":"publish","type":"page","link":"https:\/\/effervescence-sorbonne.fr\/index.php\/historique\/","title":{"rendered":"Historique"},"content":{"rendered":"\n<h2 class=\"wp-block-heading\">Les projets des M2 CREM<\/h2>\n\n\n\n<p><a href=\"http:\/\/editionsalarenverse.com\">Le projet de la promo 2025<\/a> (marrain\u00e9 par Olivia Rosenthal)<\/p>\n\n\n\n<p><a href=\"https:\/\/fr.ulule.com\/justes-au-corps\/?utm_campaign=presale_184606&amp;utm_source=shared-from-Ulule-success-modal-on---http.referer--&amp;utm_medium=uluid_5703204-post-202403110444\" data-type=\"link\" data-id=\"https:\/\/fr.ulule.com\/justes-au-corps\/?utm_campaign=presale_184606&amp;utm_source=shared-from-Ulule-success-modal-on---http.referer--&amp;utm_medium=uluid_5703204-post-202403110444\">Le projet de la promo 2024<\/a> (marrain\u00e9 par M\u00e9lody Thomas)<\/p>\n\n\n\n<p><a href=\"https:\/\/fr.ulule.com\/lignees-regards-croises-sur-la-transmission\/\">Le projet de la promo 2023<\/a> (marrain\u00e9 par Anne et Claire Berest)<\/p>\n\n\n\n<p><a href=\"https:\/\/fr.ulule.com\/2055-project\/\">Le projet de la promo 2022<\/a> (parrain\u00e9 par Alain Damasio)<\/p>\n\n\n\n<p><a href=\"https:\/\/fr.ulule.com\/mook-contre5ens\/\">Le projet de la promo 2021<\/a><\/p>\n\n\n\n<p><a href=\"https:\/\/www.kisskissbankbank.com\/fr\/projects\/le-deuxieme-texte\" target=\"_blank\" rel=\"noreferrer noopener\">Le projet de la promo 2017<\/a><\/p>\n\n\n\n<p><a href=\"https:\/\/hackoeurs.wordpress.com\/\">Le projet de la promo 2015<\/a> (parrain\u00e9 par Tonino Benacquista)<\/p>\n\n\n\n<p><a href=\"https:\/\/www.facebook.com\/lesuchroniques\/?locale=fr_FR\">Le projet de la promo 2014<\/a> (parrain\u00e9 par Emmanuel Carr\u00e8re)<\/p>\n\n\n\n<p><a href=\"https:\/\/www.facebook.com\/EditionsRouages\/?show_switched_toast=0&amp;show_invite_to_follow=0&amp;show_switched_tooltip=0&amp;show_podcast_settings=0&amp;show_community_review_changes=0&amp;show_community_rollback=0&amp;show_follower_visibility_disclosure=0&amp;locale=fr_FR\">Le projet de la promo 2013<\/a> (parrain\u00e9 par Atiq Rahimi)<\/p>\n\n\n\n<h2 class=\"wp-block-heading\">Les nouvelles \u00e9crites par les M2 CORREM<\/h2>\n\n\n\n<p><a href=\"https:\/\/effervescence-sorbonne.fr\/index.php\/historique\/les-nouvelles-ecrites-par-les-m2-correm-edition-2024\/\">Les nouvelles de la promo 2024<\/a><\/p>\n\n\n\n<h2 class=\"wp-block-heading\">Les projets des M2 SCEDIL<\/h2>\n\n\n\n<p><a href=\"https:\/\/www.kisskissbankbank.com\/nl\/projects\/la-lettre--4\/tabs\/description\">Le projet de la promo 2018<\/a><\/p>\n\n\n\n<p><a href=\"https:\/\/fr.ulule.com\/le-prix-fort\/\">Le projet de la promo 2017<\/a><\/p>\n\n\n\n<p><a href=\"https:\/\/fr.ulule.com\/invitation-amour\/\">Le projet de la promo 2016<\/a><\/p>\n\n\n\n<h2 class=\"wp-block-heading\">Effervescence et ActuaLitt\u00e9<\/h2>\n\n\n\n<p><a href=\"https:\/\/actualitte.com\/auteurs\/170\/association-effervescence\" target=\"_blank\" rel=\"noreferrer noopener\">Retrouver tous les articles \u00e9crits par les \u00e9tudiants dans ActuaLitt\u00e9 de 2013 \u00e0 2016<\/a><\/p>\n\n\n\n<h2 class=\"wp-block-heading\">Ils parlent de nous<\/h2>\n\n\n\n<h3 class=\"wp-block-heading\">ActuaLitt\u00e9<\/h3>\n\n\n\n<p><a href=\"https:\/\/actualitte.com\/article\/106395\/edition\/glitch-editions-les-editeurs-qui-se-souviennent-du-futur-2055\" target=\"_blank\" rel=\"noreferrer noopener\">Glitch \u00c9ditions, les \u00e9diteurs qui se souviennent du futur : 2055_ (2022)<\/a><\/p>\n\n\n\n<p><a href=\"https:\/\/actualitte.com\/article\/39586\/reportages\/les-editions-hackoeurs-font-sensation-six-mois-de-travail-intense\" target=\"_blank\" rel=\"noreferrer noopener\">Les \u00c9ditions Hack\u0153urs font sensation : six mois de travail intense (2015)<\/a><\/p>\n\n\n\n<p><a href=\"https:\/\/actualitte.com\/article\/58753\/bibliophilie\/atiq-rahimi-au-chevet-des-etudiants-edition-audiovisuel-de-la-sorbonne\" target=\"_blank\" rel=\"noreferrer noopener\">Atiq Rahimi au chevet des \u00e9tudiants \u00c9dition-Audiovisuel de la Sorbonne (2013)<\/a><\/p>\n\n\n\n<h3 class=\"wp-block-heading\">France 3<\/h3>\n\n\n\n<p><a href=\"https:\/\/www.france.tv\/france-3\/un-livre-un-jour\/102743-un-livre-2-0-les-uchroniques.html\">\u00c9mission Un livre un jour (2015)<\/a><\/p>\n\n\n\n<p><\/p>\n","protected":false},"excerpt":{"rendered":"<p>Les projets des M2 CREM Le projet de la promo 2025 (marrain\u00e9 par Olivia Rosenthal) Le projet de la promo 2024 (marrain\u00e9 par M\u00e9lody Thomas) Le projet de la promo 2023 (marrain\u00e9 par Anne et Claire Berest) Le projet de la promo 2022 (parrain\u00e9 par Alain Damasio) Le projet de la promo 2021 Le projet&hellip;&nbsp;<a href=\"https:\/\/effervescence-sorbonne.fr\/index.php\/historique\/\" rel=\"bookmark\">Lire la suite &raquo;<span class=\"screen-reader-text\">Historique<\/span><\/a><\/p>\n","protected":false},"author":1,"featured_media":98,"parent":0,"menu_order":0,"comment_status":"closed","ping_status":"closed","template":"","meta":{"neve_meta_sidebar":"","neve_meta_container":"","neve_meta_enable_content_width":"","neve_meta_content_width":0,"neve_meta_title_alignment":"","neve_meta_author_avatar":"","neve_post_elements_order":"","neve_meta_disable_header":"","neve_meta_disable_footer":"","neve_meta_disable_title":"","footnotes":""},"class_list":["post-146","page","type-page","status-publish","has-post-thumbnail","hentry"],"jetpack_sharing_enabled":true,"_links":{"self":[{"href":"https:\/\/effervescence-sorbonne.fr\/index.php\/wp-json\/wp\/v2\/pages\/146","targetHints":{"allow":["GET"]}}],"collection":[{"href":"https:\/\/effervescence-sorbonne.fr\/index.php\/wp-json\/wp\/v2\/pages"}],"about":[{"href":"https:\/\/effervescence-sorbonne.fr\/index.php\/wp-json\/wp\/v2\/types\/page"}],"author":[{"embeddable":true,"href":"https:\/\/effervescence-sorbonne.fr\/index.php\/wp-json\/wp\/v2\/users\/1"}],"replies":[{"embeddable":true,"href":"https:\/\/effervescence-sorbonne.fr\/index.php\/wp-json\/wp\/v2\/comments?post=146"}],"version-history":[{"count":12,"href":"https:\/\/effervescence-sorbonne.fr\/index.php\/wp-json\/wp\/v2\/pages\/146\/revisions"}],"predecessor-version":[{"id":884,"href":"https:\/\/effervescence-sorbonne.fr\/index.php\/wp-json\/wp\/v2\/pages\/146\/revisions\/884"}],"wp:featuredmedia":[{"embeddable":true,"href":"https:\/\/effervescence-sorbonne.fr\/index.php\/wp-json\/wp\/v2\/media\/98"}],"wp:attachment":[{"href":"https:\/\/effervescence-sorbonne.fr\/index.php\/wp-json\/wp\/v2\/media?parent=146"}],"curies":[{"name":"wp","href":"https:\/\/api.w.org\/{rel}","templated":true}]}}