{"id":180,"date":"2024-02-07T23:30:33","date_gmt":"2024-02-07T22:30:33","guid":{"rendered":"https:\/\/effervescence-sorbonne.fr\/?page_id=180"},"modified":"2024-07-17T22:34:35","modified_gmt":"2024-07-17T20:34:35","slug":"contact","status":"publish","type":"page","link":"https:\/\/effervescence-sorbonne.fr\/index.php\/contact\/","title":{"rendered":"Contact"},"content":{"rendered":"\n<p>Vous \u00eates un alumni et souhaitez communiquer votre adresse mail \u00e0 l&#8217;association ? <\/p>\n\n\n\n<p>Vous avez une question, une suggestion, une proposition ?<\/p>\n\n\n\n<p>Vous cherchez \u00e0 contacter un membre de l&#8217;association ? <\/p>\n\n\n\n<p><em><strong>effervescencesorbonne@gmail.com <\/strong><\/em><\/p>\n\n\n\n<p><\/p>\n\n\n\n<p>Vous pouvez \u00e9galement remplir directement ce formulaire de contact :<\/p>\n\n\n<div class=\"wp-block-jetpack-contact-form\"><a href=\"https:\/\/effervescence-sorbonne.fr\/index.php\/contact\/\" target=\"_blank\" rel=\"noopener noreferrer\">Soumettre un formulaire.<\/a><\/div>","protected":false},"excerpt":{"rendered":"<p>Vous \u00eates un alumni et souhaitez communiquer votre adresse mail \u00e0 l&#8217;association ? Vous avez une question, une suggestion, une proposition ? Vous cherchez \u00e0 contacter un membre de l&#8217;association ? effervescencesorbonne@gmail.com Vous pouvez \u00e9galement remplir directement ce formulaire de contact :<\/p>\n","protected":false},"author":1,"featured_media":453,"parent":0,"menu_order":0,"comment_status":"closed","ping_status":"closed","template":"","meta":{"neve_meta_sidebar":"","neve_meta_container":"","neve_meta_enable_content_width":"","neve_meta_content_width":0,"neve_meta_title_alignment":"","neve_meta_author_avatar":"","neve_post_elements_order":"","neve_meta_disable_header":"","neve_meta_disable_footer":"","neve_meta_disable_title":"","footnotes":""},"class_list":["post-180","page","type-page","status-publish","has-post-thumbnail","hentry"],"jetpack_sharing_enabled":true,"_links":{"self":[{"href":"https:\/\/effervescence-sorbonne.fr\/index.php\/wp-json\/wp\/v2\/pages\/180","targetHints":{"allow":["GET"]}}],"collection":[{"href":"https:\/\/effervescence-sorbonne.fr\/index.php\/wp-json\/wp\/v2\/pages"}],"about":[{"href":"https:\/\/effervescence-sorbonne.fr\/index.php\/wp-json\/wp\/v2\/types\/page"}],"author":[{"embeddable":true,"href":"https:\/\/effervescence-sorbonne.fr\/index.php\/wp-json\/wp\/v2\/users\/1"}],"replies":[{"embeddable":true,"href":"https:\/\/effervescence-sorbonne.fr\/index.php\/wp-json\/wp\/v2\/comments?post=180"}],"version-history":[{"count":2,"href":"https:\/\/effervescence-sorbonne.fr\/index.php\/wp-json\/wp\/v2\/pages\/180\/revisions"}],"predecessor-version":[{"id":347,"href":"https:\/\/effervescence-sorbonne.fr\/index.php\/wp-json\/wp\/v2\/pages\/180\/revisions\/347"}],"wp:featuredmedia":[{"embeddable":true,"href":"https:\/\/effervescence-sorbonne.fr\/index.php\/wp-json\/wp\/v2\/media\/453"}],"wp:attachment":[{"href":"https:\/\/effervescence-sorbonne.fr\/index.php\/wp-json\/wp\/v2\/media?parent=180"}],"curies":[{"name":"wp","href":"https:\/\/api.w.org\/{rel}","templated":true}]}}