{"id":329,"date":"2024-06-18T15:09:14","date_gmt":"2024-06-18T13:09:14","guid":{"rendered":"https:\/\/effervescence-sorbonne.fr\/?page_id=329"},"modified":"2025-06-07T23:50:19","modified_gmt":"2025-06-07T21:50:19","slug":"prix-effervescence","status":"publish","type":"page","link":"https:\/\/effervescence-sorbonne.fr\/index.php\/prix-effervescence\/","title":{"rendered":"Prix Effervescence"},"content":{"rendered":"\n<p>Le Prix Effervescence est un concours litt\u00e9raire organis\u00e9 par l&#8217;association Effervescence. \u00c0 cette occasion, nous invitons tous les \u00e9tudiant(e)s d&#8217;\u00cele-de-France \u00e0 nous soumettre leur production. Un jury rassemblant plusieurs membres de nos masters se rassemble pour \u00e9lire le texte qui selon eux peut \u00eatre consid\u00e9r\u00e9 comme le plus int\u00e9ressant formellement, le plus pertinent dans son traitement du sujet et le plus original dans sa construction du r\u00e9cit.<\/p>\n\n\n\n<p>Au c\u0153ur de ce concours, nous avons d\u00e9cid\u00e9 de placer un verbe que nous jugeons fondamental : \u00ab Oser ! \u00bb Osez des formes nouvelles, des histoires inattendues, osez d\u00e9velopper un style litt\u00e9raire qui vous soit propre !<\/p>\n\n\n\n<p>En tant qu&#8217;association rassemblant des futurs \u00e9diteurices, correcteurices et sc\u00e9naristes, nous offrons au laur\u00e9at du concours de r\u00e9aliser un v\u00e9ritable travail \u00e9ditorial sur son texte (en plus d&#8217;un prix). En outre, depuis 2025, la nouvelle laur\u00e9ate b\u00e9n\u00e9ficie \u00e9galement d&#8217;une publication dans la revue <em><a href=\"https:\/\/www.ruesaintambroise.com\/la-revue\">Rue Saint Ambroise<\/a><\/em> ! Les textes gagnants sont r\u00e9pertori\u00e9s ci-dessous.<\/p>\n\n\n\n<h2 class=\"wp-block-heading\">\u00c9dition 2026 &#8211; <\/h2>\n\n\n\n<p><span style=\"text-decoration: underline;\">\u00c0 venir<\/span><\/p>\n\n\n\n<p><em>Nous attendons des contributions d&#8217;une longueur comprise entre 5 000 et 15 000 signes. Merci de bien prendre connaissance du r\u00e8glement complet du concours &#8211; toute participation \u00e9quivaut \u00e0 une acceptation dudit r\u00e8glement.<\/em><\/p>\n\n\n\n<div style=\"height:80px\" aria-hidden=\"true\" class=\"wp-block-spacer\"><\/div>\n\n\n\n<hr class=\"wp-block-separator has-alpha-channel-opacity\"\/>\n\n\n\n<p class=\"has-text-align-center has-large-font-size\">\u00c9ditions pr\u00e9c\u00e9dentes <\/p>\n\n\n\n<hr class=\"wp-block-separator has-alpha-channel-opacity\"\/>\n\n\n\n<h2 class=\"wp-block-heading\" style=\"font-size:42px\">\u00c9dition 2025 &#8211; La Maison<\/h2>\n\n\n\n<p style=\"font-size:28px\">Laur\u00e9ate : <strong>Lise Patheron-Richard<\/strong> pour<em> <strong>La bastide o\u00f9 nous vivions ensemble<\/strong><\/em><\/p>\n\n\n\n<p>La nouvelle sera publi\u00e9e dans la revue <em>Rue Saint Ambroise, <\/em>une r\u00e9f\u00e9rence dans le domaine de la nouvelle contemporaine, en octobre prochain (num\u00e9ro 56). Nous publierons alors \u00e9galement le texte sur notre site, patience ! <\/p>\n\n\n\n<div class=\"wp-block-columns has-background is-layout-flex wp-container-core-columns-is-layout-9d6595d7 wp-block-columns-is-layout-flex\" style=\"border-width:1px;border-radius:100px;background-color:#f1b84e3d\">\n<div class=\"wp-block-column is-layout-flow wp-block-column-is-layout-flow\" style=\"border-top-style:none;border-top-width:0px;border-right-width:1px;border-bottom-style:none;border-bottom-width:0px;border-left-style:none;border-left-width:0px;padding-top:var(--wp--preset--spacing--20);padding-right:var(--wp--preset--spacing--80);padding-bottom:var(--wp--preset--spacing--20);padding-left:var(--wp--preset--spacing--80);flex-basis:66.67%\">\n<p class=\"has-medium-font-size\" style=\"padding-top:var(--wp--preset--spacing--20);padding-bottom:var(--wp--preset--spacing--20)\">D\u00e9couvrez sa nouvelle :<\/p>\n<\/div>\n\n\n\n<div class=\"wp-block-column is-layout-flow wp-block-column-is-layout-flow\" style=\"border-top-style:none;border-top-width:0px;border-right-style:none;border-right-width:0px;border-bottom-style:none;border-bottom-width:0px;border-left-width:1px;padding-top:var(--wp--preset--spacing--20);padding-right:var(--wp--preset--spacing--80);padding-bottom:var(--wp--preset--spacing--20);padding-left:var(--wp--preset--spacing--80);flex-basis:45%\">\n<p class=\"has-medium-font-size\" style=\"padding-top:var(--wp--preset--spacing--20);padding-bottom:var(--wp--preset--spacing--20)\">R\u00e8glement  :<\/p>\n\n\n\n<div class=\"wp-block-file has-background\" style=\"background-color:#fcaf3a17;padding-top:var(--wp--preset--spacing--30);padding-bottom:var(--wp--preset--spacing--30)\"><a id=\"wp-block-file--media-9635a7a6-973d-46e7-92da-faf8600286a1\" href=\"https:\/\/effervescence-sorbonne.fr\/wp-content\/uploads\/2025\/01\/Reglement_PrixEffervescence_2025-3.docx\">Reglement_PrixEffervescence_2025<\/a><a href=\"https:\/\/effervescence-sorbonne.fr\/wp-content\/uploads\/2025\/01\/Reglement_PrixEffervescence_2025-3.docx\" class=\"wp-block-file__button wp-element-button\" download aria-describedby=\"wp-block-file--media-9635a7a6-973d-46e7-92da-faf8600286a1\">T\u00e9l\u00e9charger<\/a><\/div>\n<\/div>\n<\/div>\n\n\n\n<h2 class=\"wp-block-heading\" style=\"font-size:42px\">\u00c9dition 2024 &#8211; La Foule <\/h2>\n\n\n\n<p style=\"font-size:28px\">Laur\u00e9ate : <strong>Blanche Urban<\/strong> pour<em> <strong>Le beurre et la levure<\/strong><\/em><\/p>\n\n\n\n<p>Cette nouvelle tr\u00e8s d\u00e9licate rassemble souvenir, nostalgie, effervescence de la f\u00eate, euphorie et la foule (bien entendu) dans un m\u00e9lange qui se r\u00e9v\u00e8le ne pas toujours \u00eatre tr\u00e8s homog\u00e8ne. Le jury vous invite \u00e0 lire ce texte tr\u00e8s riche d&#8217;une autrice disposant d&#8217;une r\u00e9elle identit\u00e9 litt\u00e9raire et d&#8217;un style qui l&#8217;ont indiscutablement charm\u00e9.<\/p>\n\n\n\n<div class=\"wp-block-columns has-background is-layout-flex wp-container-core-columns-is-layout-9d6595d7 wp-block-columns-is-layout-flex\" style=\"border-width:1px;border-radius:100px;background-color:#ebe1f7\">\n<div class=\"wp-block-column is-layout-flow wp-block-column-is-layout-flow\" style=\"border-top-style:none;border-top-width:0px;border-right-width:1px;border-bottom-style:none;border-bottom-width:0px;border-left-style:none;border-left-width:0px;padding-top:var(--wp--preset--spacing--20);padding-right:var(--wp--preset--spacing--80);padding-bottom:var(--wp--preset--spacing--20);padding-left:var(--wp--preset--spacing--80);flex-basis:66.67%\">\n<p class=\"has-medium-font-size\" style=\"padding-top:var(--wp--preset--spacing--20);padding-bottom:var(--wp--preset--spacing--20)\">D\u00e9couvrez sa nouvelle :<\/p>\n\n\n\n<div class=\"wp-block-file has-background\" style=\"background-color:#fcaf3a17;padding-top:var(--wp--preset--spacing--30);padding-right:var(--wp--preset--spacing--30);padding-bottom:var(--wp--preset--spacing--30);padding-left:var(--wp--preset--spacing--30)\"><a id=\"wp-block-file--media-ca869941-c3a7-49fa-8784-6c17a95e3131\" href=\"https:\/\/effervescence-sorbonne.fr\/wp-content\/uploads\/2024\/06\/Le-beurre-et-la-levure-Blanche-Urban-1.pdf\">Le-beurre-et-la-levure-Blanche-Urban-1<\/a><a href=\"https:\/\/effervescence-sorbonne.fr\/wp-content\/uploads\/2024\/06\/Le-beurre-et-la-levure-Blanche-Urban-1.pdf\" class=\"wp-block-file__button wp-element-button\" download aria-describedby=\"wp-block-file--media-ca869941-c3a7-49fa-8784-6c17a95e3131\">T\u00e9l\u00e9charger<\/a><\/div>\n<\/div>\n\n\n\n<div class=\"wp-block-column is-layout-flow wp-block-column-is-layout-flow\" style=\"border-top-style:none;border-top-width:0px;border-right-style:none;border-right-width:0px;border-bottom-style:none;border-bottom-width:0px;border-left-width:1px;padding-top:var(--wp--preset--spacing--20);padding-right:var(--wp--preset--spacing--80);padding-bottom:var(--wp--preset--spacing--20);padding-left:var(--wp--preset--spacing--80);flex-basis:45%\">\n<p class=\"has-medium-font-size\" style=\"padding-top:var(--wp--preset--spacing--20);padding-bottom:var(--wp--preset--spacing--20)\">R\u00e8glement  :<\/p>\n\n\n\n<div class=\"wp-block-file has-background\" style=\"background-color:#fcaf3a17;padding-top:var(--wp--preset--spacing--30);padding-right:var(--wp--preset--spacing--30);padding-bottom:var(--wp--preset--spacing--30);padding-left:var(--wp--preset--spacing--30)\"><a id=\"wp-block-file--media-8d110b1b-1284-4d3a-8982-37de0ab2c6e5\" href=\"https:\/\/effervescence-sorbonne.fr\/wp-content\/uploads\/2024\/06\/Reglement-1-2.pdf\">Reglement-1-2<\/a><a href=\"https:\/\/effervescence-sorbonne.fr\/wp-content\/uploads\/2024\/06\/Reglement-1-2.pdf\" class=\"wp-block-file__button wp-element-button\" download aria-describedby=\"wp-block-file--media-8d110b1b-1284-4d3a-8982-37de0ab2c6e5\">T\u00e9l\u00e9charger<\/a><\/div>\n<\/div>\n<\/div>\n\n\n\n<p><\/p>\n","protected":false},"excerpt":{"rendered":"<p>Le Prix Effervescence est un concours litt\u00e9raire organis\u00e9 par l&#8217;association Effervescence. \u00c0 cette occasion, nous invitons tous les \u00e9tudiant(e)s d&#8217;\u00cele-de-France \u00e0 nous soumettre leur production. Un jury rassemblant plusieurs membres de nos masters se rassemble pour \u00e9lire le texte qui selon eux peut \u00eatre consid\u00e9r\u00e9 comme le plus int\u00e9ressant formellement, le plus pertinent dans son&hellip;&nbsp;<a href=\"https:\/\/effervescence-sorbonne.fr\/index.php\/prix-effervescence\/\" rel=\"bookmark\">Lire la suite &raquo;<span class=\"screen-reader-text\">Prix Effervescence<\/span><\/a><\/p>\n","protected":false},"author":1,"featured_media":152,"parent":0,"menu_order":0,"comment_status":"closed","ping_status":"closed","template":"","meta":{"neve_meta_sidebar":"","neve_meta_container":"","neve_meta_enable_content_width":"","neve_meta_content_width":0,"neve_meta_title_alignment":"","neve_meta_author_avatar":"","neve_post_elements_order":"","neve_meta_disable_header":"","neve_meta_disable_footer":"","neve_meta_disable_title":"","footnotes":""},"class_list":["post-329","page","type-page","status-publish","has-post-thumbnail","hentry"],"jetpack_sharing_enabled":true,"_links":{"self":[{"href":"https:\/\/effervescence-sorbonne.fr\/index.php\/wp-json\/wp\/v2\/pages\/329","targetHints":{"allow":["GET"]}}],"collection":[{"href":"https:\/\/effervescence-sorbonne.fr\/index.php\/wp-json\/wp\/v2\/pages"}],"about":[{"href":"https:\/\/effervescence-sorbonne.fr\/index.php\/wp-json\/wp\/v2\/types\/page"}],"author":[{"embeddable":true,"href":"https:\/\/effervescence-sorbonne.fr\/index.php\/wp-json\/wp\/v2\/users\/1"}],"replies":[{"embeddable":true,"href":"https:\/\/effervescence-sorbonne.fr\/index.php\/wp-json\/wp\/v2\/comments?post=329"}],"version-history":[{"count":29,"href":"https:\/\/effervescence-sorbonne.fr\/index.php\/wp-json\/wp\/v2\/pages\/329\/revisions"}],"predecessor-version":[{"id":1101,"href":"https:\/\/effervescence-sorbonne.fr\/index.php\/wp-json\/wp\/v2\/pages\/329\/revisions\/1101"}],"wp:featuredmedia":[{"embeddable":true,"href":"https:\/\/effervescence-sorbonne.fr\/index.php\/wp-json\/wp\/v2\/media\/152"}],"wp:attachment":[{"href":"https:\/\/effervescence-sorbonne.fr\/index.php\/wp-json\/wp\/v2\/media?parent=329"}],"curies":[{"name":"wp","href":"https:\/\/api.w.org\/{rel}","templated":true}]}}