{"id":396,"date":"2024-07-04T16:32:02","date_gmt":"2024-07-04T14:32:02","guid":{"rendered":"https:\/\/effervescence-sorbonne.fr\/?page_id=396"},"modified":"2024-09-19T17:29:40","modified_gmt":"2024-09-19T15:29:40","slug":"les-nouvelles-ecrites-par-les-m2-correm-edition-2024","status":"publish","type":"page","link":"https:\/\/effervescence-sorbonne.fr\/index.php\/historique\/les-nouvelles-ecrites-par-les-m2-correm-edition-2024\/","title":{"rendered":"Les nouvelles \u00e9crites par les M2 CORREM &#8211; \u00e9dition 2024"},"content":{"rendered":"\n<p>Chaque ann\u00e9e les M2 CORREM se lancent dans l&#8217;aventure litt\u00e9raire de l&#8217;\u00e9criture d&#8217;une nouvelle et cette ann\u00e9e ne fait pas exception !<\/p>\n\n\n\n<p style=\"padding-bottom:var(--wp--preset--spacing--40)\">Vous trouverez ci-dessous les productions des \u00e9tudiants de la promotion 2023-2024. <\/p>\n\n\n\n<div class=\"wp-block-columns has-background has-small-font-size is-layout-flex wp-container-core-columns-is-layout-47894824 wp-block-columns-is-layout-flex\" style=\"border-width:1px;border-radius:100px;background-color:#feedc9;padding-top:var(--wp--preset--spacing--20);padding-right:var(--wp--preset--spacing--60);padding-bottom:var(--wp--preset--spacing--20);padding-left:var(--wp--preset--spacing--60)\">\n<div class=\"wp-block-column is-vertically-aligned-bottom has-large-font-size is-layout-flow wp-block-column-is-layout-flow\">\n<p class=\"has-text-align-left has-medium-font-size\" style=\"padding-left:var(--wp--preset--spacing--80)\"><em>Derni\u00e8re Heure<\/em><\/p>\n<\/div>\n\n\n\n<div class=\"wp-block-column is-vertically-aligned-bottom is-layout-flow wp-block-column-is-layout-flow\" style=\"border-style:none;border-width:0px;padding-top:0;padding-right:0;padding-bottom:0;padding-left:0\">\n<p class=\"has-text-align-center has-medium-font-size\">Bleuenn Becaert<\/p>\n<\/div>\n\n\n\n<div class=\"wp-block-column is-vertically-aligned-bottom is-layout-flow wp-block-column-is-layout-flow\" style=\"border-style:none;border-width:0px;padding-right:0;padding-left:0\">\n<div class=\"wp-block-file aligncenter has-link-color wp-elements-3d9420c76db856dbeb0b209cdb9407f0\"><a id=\"wp-block-file--media-01107dfe-536b-45c8-96e7-5ba6d04e1168\" href=\"https:\/\/effervescence-sorbonne.fr\/wp-content\/uploads\/2024\/09\/Derniere_heure.pdf\">Derniere_heure<\/a><a href=\"https:\/\/effervescence-sorbonne.fr\/wp-content\/uploads\/2024\/09\/Derniere_heure.pdf\" class=\"wp-block-file__button wp-element-button\" download aria-describedby=\"wp-block-file--media-01107dfe-536b-45c8-96e7-5ba6d04e1168\">T\u00e9l\u00e9charger<\/a><\/div>\n<\/div>\n<\/div>\n\n\n\n<div class=\"wp-block-columns has-background has-small-font-size is-layout-flex wp-container-core-columns-is-layout-47894824 wp-block-columns-is-layout-flex\" style=\"border-width:1px;border-radius:100px;background-color:#feedc9;padding-top:var(--wp--preset--spacing--20);padding-right:var(--wp--preset--spacing--60);padding-bottom:var(--wp--preset--spacing--20);padding-left:var(--wp--preset--spacing--60)\">\n<div class=\"wp-block-column is-vertically-aligned-bottom is-layout-flow wp-block-column-is-layout-flow\">\n<p class=\"has-text-align-left has-medium-font-size\" style=\"padding-left:var(--wp--preset--spacing--80)\"><em>Du bout des doigts<\/em><\/p>\n<\/div>\n\n\n\n<div class=\"wp-block-column is-vertically-aligned-bottom is-layout-flow wp-block-column-is-layout-flow\">\n<p class=\"has-text-align-center has-medium-font-size\">Fantine Biquet<\/p>\n<\/div>\n\n\n\n<div class=\"wp-block-column is-layout-flow wp-block-column-is-layout-flow\" style=\"border-style:none;border-width:0px;padding-right:0;padding-left:0\">\n<div class=\"wp-block-file aligncenter\"><a id=\"wp-block-file--media-a6095602-d1f2-4722-baed-6a08ecfa4760\" href=\"https:\/\/effervescence-sorbonne.fr\/wp-content\/uploads\/2024\/09\/Du_bout_des_doigts.pdf\">Du_bout_des_doigts<\/a><a href=\"https:\/\/effervescence-sorbonne.fr\/wp-content\/uploads\/2024\/09\/Du_bout_des_doigts.pdf\" class=\"wp-block-file__button wp-element-button\" download aria-describedby=\"wp-block-file--media-a6095602-d1f2-4722-baed-6a08ecfa4760\">T\u00e9l\u00e9charger<\/a><\/div>\n<\/div>\n<\/div>\n\n\n\n<div class=\"wp-block-columns has-background has-small-font-size is-layout-flex wp-container-core-columns-is-layout-47894824 wp-block-columns-is-layout-flex\" style=\"border-width:1px;border-radius:100px;background-color:#feedc9;padding-top:var(--wp--preset--spacing--20);padding-right:var(--wp--preset--spacing--60);padding-bottom:var(--wp--preset--spacing--20);padding-left:var(--wp--preset--spacing--60)\">\n<div class=\"wp-block-column is-vertically-aligned-center is-layout-flow wp-block-column-is-layout-flow\">\n<p class=\"has-text-align-left has-medium-font-size\" style=\"padding-left:var(--wp--preset--spacing--80)\"><em>Il n&#8217;y a pas que les oiseaux qui volent<\/em><\/p>\n<\/div>\n\n\n\n<div class=\"wp-block-column is-vertically-aligned-center is-layout-flow wp-block-column-is-layout-flow\">\n<p class=\"has-text-align-center has-medium-font-size\">Norma Couroux<\/p>\n<\/div>\n\n\n\n<div class=\"wp-block-column is-layout-flow wp-block-column-is-layout-flow\" style=\"border-style:none;border-width:0px;padding-right:0;padding-left:0\">\n<div class=\"wp-block-file\"><a id=\"wp-block-file--media-b3968811-35ad-45cb-9594-0afb2f22ae8f\" href=\"https:\/\/effervescence-sorbonne.fr\/wp-content\/uploads\/2024\/09\/Il_n_y_a_pas_que_les_oiseaux_qui_volent.pdf\">Il_n_y_a_pas_que_les_oiseaux_qui_volent<\/a><a href=\"https:\/\/effervescence-sorbonne.fr\/wp-content\/uploads\/2024\/09\/Il_n_y_a_pas_que_les_oiseaux_qui_volent.pdf\" class=\"wp-block-file__button wp-element-button\" download aria-describedby=\"wp-block-file--media-b3968811-35ad-45cb-9594-0afb2f22ae8f\">T\u00e9l\u00e9charger<\/a><\/div>\n<\/div>\n<\/div>\n\n\n\n<div class=\"wp-block-columns has-background has-small-font-size is-layout-flex wp-container-core-columns-is-layout-47894824 wp-block-columns-is-layout-flex\" style=\"border-width:1px;border-radius:100px;background-color:#feedc9;padding-top:var(--wp--preset--spacing--20);padding-right:var(--wp--preset--spacing--60);padding-bottom:var(--wp--preset--spacing--20);padding-left:var(--wp--preset--spacing--60)\">\n<div class=\"wp-block-column is-vertically-aligned-bottom is-layout-flow wp-block-column-is-layout-flow\">\n<p class=\"has-text-align-left has-medium-font-size\" style=\"padding-top:0;padding-bottom:0;padding-left:var(--wp--preset--spacing--80)\"><em>Les murs<\/em><\/p>\n<\/div>\n\n\n\n<div class=\"wp-block-column is-vertically-aligned-bottom is-layout-flow wp-block-column-is-layout-flow\">\n<p class=\"has-text-align-center has-medium-font-size\">Manon Dardelle<\/p>\n<\/div>\n\n\n\n<div class=\"wp-block-column is-layout-flow wp-block-column-is-layout-flow\" style=\"border-style:none;border-width:0px;padding-right:0;padding-left:0\">\n<div class=\"wp-block-file aligncenter\"><a id=\"wp-block-file--media-9df3633b-11d6-4f04-9dd9-bad2be32b4ca\" href=\"https:\/\/effervescence-sorbonne.fr\/wp-content\/uploads\/2024\/09\/Les_murs.pdf\">Les_murs<\/a><a href=\"https:\/\/effervescence-sorbonne.fr\/wp-content\/uploads\/2024\/09\/Les_murs.pdf\" class=\"wp-block-file__button wp-element-button\" download aria-describedby=\"wp-block-file--media-9df3633b-11d6-4f04-9dd9-bad2be32b4ca\">T\u00e9l\u00e9charger<\/a><\/div>\n<\/div>\n<\/div>\n\n\n\n<div class=\"wp-block-columns has-background has-small-font-size is-layout-flex wp-container-core-columns-is-layout-47894824 wp-block-columns-is-layout-flex\" style=\"border-width:1px;border-radius:100px;background-color:#feedc9;padding-top:var(--wp--preset--spacing--20);padding-right:var(--wp--preset--spacing--60);padding-bottom:var(--wp--preset--spacing--20);padding-left:var(--wp--preset--spacing--60)\">\n<div class=\"wp-block-column is-vertically-aligned-bottom is-layout-flow wp-block-column-is-layout-flow\">\n<p class=\"has-text-align-left has-medium-font-size\" style=\"padding-left:var(--wp--preset--spacing--80)\"><em>D\u00e9tour de vide<\/em><\/p>\n<\/div>\n\n\n\n<div class=\"wp-block-column is-vertically-aligned-bottom is-layout-flow wp-block-column-is-layout-flow\">\n<p class=\"has-text-align-center has-medium-font-size\">Johan J.S.<\/p>\n<\/div>\n\n\n\n<div class=\"wp-block-column is-layout-flow wp-block-column-is-layout-flow\" style=\"border-style:none;border-width:0px;padding-right:0;padding-left:0\">\n<div class=\"wp-block-file aligncenter\"><a id=\"wp-block-file--media-65ff5007-fda8-4a7d-88c8-1e69e98b3f34\" href=\"https:\/\/effervescence-sorbonne.fr\/wp-content\/uploads\/2024\/09\/Detour_de_vide.pdf\">Detour_de_vide<\/a><a href=\"https:\/\/effervescence-sorbonne.fr\/wp-content\/uploads\/2024\/09\/Detour_de_vide.pdf\" class=\"wp-block-file__button wp-element-button\" download aria-describedby=\"wp-block-file--media-65ff5007-fda8-4a7d-88c8-1e69e98b3f34\">T\u00e9l\u00e9charger<\/a><\/div>\n<\/div>\n<\/div>\n\n\n\n<div class=\"wp-block-columns has-neve-link-color-color has-text-color has-background has-link-color has-small-font-size wp-elements-1c4026c951659e0af734d1dbaf76d821 is-layout-flex wp-container-core-columns-is-layout-47894824 wp-block-columns-is-layout-flex\" style=\"border-width:1px;border-radius:100px;background-color:#feedc9;padding-top:var(--wp--preset--spacing--20);padding-right:var(--wp--preset--spacing--60);padding-bottom:var(--wp--preset--spacing--20);padding-left:var(--wp--preset--spacing--60)\">\n<div class=\"wp-block-column is-vertically-aligned-bottom is-layout-flow wp-block-column-is-layout-flow\">\n<p class=\"has-text-align-left has-medium-font-size\" style=\"padding-left:var(--wp--preset--spacing--80)\"><em>Chaque train qui passe<\/em><\/p>\n<\/div>\n\n\n\n<div class=\"wp-block-column is-vertically-aligned-bottom is-layout-flow wp-block-column-is-layout-flow\">\n<p class=\"has-text-align-center has-medium-font-size\">Claire Lepagnol<\/p>\n<\/div>\n\n\n\n<div class=\"wp-block-column is-vertically-aligned-center is-layout-flow wp-block-column-is-layout-flow\" style=\"border-style:none;border-width:0px;padding-right:0;padding-left:0\">\n<div class=\"wp-block-file aligncenter\"><a id=\"wp-block-file--media-810f4977-b6d5-4a22-a583-fda8c9877dc2\" href=\"https:\/\/effervescence-sorbonne.fr\/wp-content\/uploads\/2024\/09\/Chaque_train_qui_passe.pdf\">Chaque_train_qui_passe<\/a><a href=\"https:\/\/effervescence-sorbonne.fr\/wp-content\/uploads\/2024\/09\/Chaque_train_qui_passe.pdf\" class=\"wp-block-file__button wp-element-button\" download aria-describedby=\"wp-block-file--media-810f4977-b6d5-4a22-a583-fda8c9877dc2\">T\u00e9l\u00e9charger<\/a><\/div>\n<\/div>\n<\/div>\n\n\n\n<div class=\"wp-block-columns has-background has-small-font-size is-layout-flex wp-container-core-columns-is-layout-47894824 wp-block-columns-is-layout-flex\" style=\"border-width:1px;border-radius:100px;background-color:#feedc9;padding-top:var(--wp--preset--spacing--20);padding-right:var(--wp--preset--spacing--60);padding-bottom:var(--wp--preset--spacing--20);padding-left:var(--wp--preset--spacing--60)\">\n<div class=\"wp-block-column is-vertically-aligned-bottom is-layout-flow wp-block-column-is-layout-flow\">\n<p class=\"has-text-align-left has-medium-font-size\" style=\"padding-left:var(--wp--preset--spacing--80)\"><em>Toujours seules<\/em><\/p>\n<\/div>\n\n\n\n<div class=\"wp-block-column is-vertically-aligned-bottom is-layout-flow wp-block-column-is-layout-flow\">\n<p class=\"has-text-align-center has-medium-font-size\">Julie Mandart<\/p>\n<\/div>\n\n\n\n<div class=\"wp-block-column is-vertically-aligned-center is-layout-flow wp-block-column-is-layout-flow\" style=\"border-style:none;border-width:0px;padding-right:0;padding-left:0\">\n<div class=\"wp-block-file aligncenter\"><a id=\"wp-block-file--media-a13df88c-8cea-48eb-b48b-1e8fd24f1c42\" href=\"https:\/\/effervescence-sorbonne.fr\/wp-content\/uploads\/2024\/09\/Toujours_seules.pdf\">Toujours_seules<\/a><a href=\"https:\/\/effervescence-sorbonne.fr\/wp-content\/uploads\/2024\/09\/Toujours_seules.pdf\" class=\"wp-block-file__button wp-element-button\" download aria-describedby=\"wp-block-file--media-a13df88c-8cea-48eb-b48b-1e8fd24f1c42\">T\u00e9l\u00e9charger<\/a><\/div>\n<\/div>\n<\/div>\n\n\n\n<div class=\"wp-block-columns has-background has-small-font-size is-layout-flex wp-container-core-columns-is-layout-47894824 wp-block-columns-is-layout-flex\" style=\"border-width:1px;border-radius:100px;background-color:#feedc9;padding-top:var(--wp--preset--spacing--20);padding-right:var(--wp--preset--spacing--60);padding-bottom:var(--wp--preset--spacing--20);padding-left:var(--wp--preset--spacing--60)\">\n<div class=\"wp-block-column is-vertically-aligned-bottom is-layout-flow wp-block-column-is-layout-flow\">\n<p class=\"has-text-align-left has-medium-font-size\" style=\"padding-left:var(--wp--preset--spacing--80)\"><em>L&#8217;Heureux \u00c9lu<\/em><\/p>\n<\/div>\n\n\n\n<div class=\"wp-block-column is-vertically-aligned-bottom is-layout-flow wp-block-column-is-layout-flow\">\n<p class=\"has-text-align-center has-medium-font-size\" style=\"padding-top:0;padding-right:0;padding-bottom:0;padding-left:0\">\u00c9lise Pavageau<\/p>\n<\/div>\n\n\n\n<div class=\"wp-block-column is-vertically-aligned-center is-layout-flow wp-block-column-is-layout-flow\" style=\"border-style:none;border-width:0px;padding-right:0;padding-left:0\">\n<div class=\"wp-block-file aligncenter\"><a id=\"wp-block-file--media-87b35c45-829d-4819-9f3c-c2d6b3026196\" href=\"https:\/\/effervescence-sorbonne.fr\/wp-content\/uploads\/2024\/09\/Lheureux_elu.pdf\">Lheureux_elu<\/a><a href=\"https:\/\/effervescence-sorbonne.fr\/wp-content\/uploads\/2024\/09\/Lheureux_elu.pdf\" class=\"wp-block-file__button wp-element-button\" download aria-describedby=\"wp-block-file--media-87b35c45-829d-4819-9f3c-c2d6b3026196\">T\u00e9l\u00e9charger<\/a><\/div>\n<\/div>\n<\/div>\n\n\n\n<p class=\"has-large-font-size\" style=\"padding-top:var(--wp--preset--spacing--40);padding-bottom:var(--wp--preset--spacing--40)\"> <\/p>\n\n\n\n<div class=\"wp-block-cover is-light wp-duotone-unset-1\" style=\"border-style:none;border-width:0px;border-radius:100px;padding-top:var(--wp--preset--spacing--50);padding-bottom:0;min-height:228px;aspect-ratio:unset;\"><span aria-hidden=\"true\" class=\"wp-block-cover__background has-background-dim-10 has-background-dim\" style=\"background-color:#9f9db1\"><\/span><img fetchpriority=\"high\" decoding=\"async\" width=\"1686\" height=\"1636\" class=\"wp-block-cover__image-background wp-image-666\" alt=\"\" src=\"https:\/\/effervescence-sorbonne.fr\/wp-content\/uploads\/2024\/09\/zafezf-1.jpg\" style=\"object-position:61% 29%\" data-object-fit=\"cover\" data-object-position=\"61% 29%\" srcset=\"https:\/\/effervescence-sorbonne.fr\/wp-content\/uploads\/2024\/09\/zafezf-1.jpg 1686w, https:\/\/effervescence-sorbonne.fr\/wp-content\/uploads\/2024\/09\/zafezf-1-300x291.jpg 300w, https:\/\/effervescence-sorbonne.fr\/wp-content\/uploads\/2024\/09\/zafezf-1-1024x994.jpg 1024w, https:\/\/effervescence-sorbonne.fr\/wp-content\/uploads\/2024\/09\/zafezf-1-768x745.jpg 768w, https:\/\/effervescence-sorbonne.fr\/wp-content\/uploads\/2024\/09\/zafezf-1-1536x1490.jpg 1536w\" sizes=\"(max-width: 1686px) 100vw, 1686px\" \/><div class=\"wp-block-cover__inner-container is-layout-constrained wp-block-cover-is-layout-constrained\">\n<p class=\"has-text-align-center has-nv-site-bg-color has-text-color has-link-color has-large-font-size wp-elements-2d0c9dc39d7bf8edcc040be9558e1d61\">Bonne lecture !<\/p>\n<\/div><\/div>\n\n\n\n<p style=\"padding-top:var(--wp--preset--spacing--20);padding-bottom:var(--wp--preset--spacing--20)\"><\/p>\n\n\n\n<p class=\"has-text-align-right\">Illustration : Stacks of Wheat (End of Summer), 1890\/91, Claude Monet (1840\u20131926)<br>Branch of the Seine near Giverny (Mist), 1897, Claude Monet<\/p>\n","protected":false},"excerpt":{"rendered":"<p>Chaque ann\u00e9e les M2 CORREM se lancent dans l&#8217;aventure litt\u00e9raire de l&#8217;\u00e9criture d&#8217;une nouvelle et cette ann\u00e9e ne fait pas exception ! Vous trouverez ci-dessous les productions des \u00e9tudiants de la promotion 2023-2024. Derni\u00e8re Heure Bleuenn Becaert Du bout des doigts Fantine Biquet Il n&#8217;y a pas que les oiseaux qui volent Norma Couroux Les&hellip;&nbsp;<a href=\"https:\/\/effervescence-sorbonne.fr\/index.php\/historique\/les-nouvelles-ecrites-par-les-m2-correm-edition-2024\/\" rel=\"bookmark\">Lire la suite &raquo;<span class=\"screen-reader-text\">Les nouvelles \u00e9crites par les M2 CORREM &#8211; \u00e9dition 2024<\/span><\/a><\/p>\n","protected":false},"author":2,"featured_media":649,"parent":146,"menu_order":0,"comment_status":"closed","ping_status":"closed","template":"","meta":{"neve_meta_sidebar":"","neve_meta_container":"","neve_meta_enable_content_width":"","neve_meta_content_width":0,"neve_meta_title_alignment":"","neve_meta_author_avatar":"","neve_post_elements_order":"","neve_meta_disable_header":"","neve_meta_disable_footer":"","neve_meta_disable_title":"","footnotes":""},"class_list":["post-396","page","type-page","status-publish","has-post-thumbnail","hentry"],"jetpack_sharing_enabled":true,"_links":{"self":[{"href":"https:\/\/effervescence-sorbonne.fr\/index.php\/wp-json\/wp\/v2\/pages\/396","targetHints":{"allow":["GET"]}}],"collection":[{"href":"https:\/\/effervescence-sorbonne.fr\/index.php\/wp-json\/wp\/v2\/pages"}],"about":[{"href":"https:\/\/effervescence-sorbonne.fr\/index.php\/wp-json\/wp\/v2\/types\/page"}],"author":[{"embeddable":true,"href":"https:\/\/effervescence-sorbonne.fr\/index.php\/wp-json\/wp\/v2\/users\/2"}],"replies":[{"embeddable":true,"href":"https:\/\/effervescence-sorbonne.fr\/index.php\/wp-json\/wp\/v2\/comments?post=396"}],"version-history":[{"count":21,"href":"https:\/\/effervescence-sorbonne.fr\/index.php\/wp-json\/wp\/v2\/pages\/396\/revisions"}],"predecessor-version":[{"id":675,"href":"https:\/\/effervescence-sorbonne.fr\/index.php\/wp-json\/wp\/v2\/pages\/396\/revisions\/675"}],"up":[{"embeddable":true,"href":"https:\/\/effervescence-sorbonne.fr\/index.php\/wp-json\/wp\/v2\/pages\/146"}],"wp:featuredmedia":[{"embeddable":true,"href":"https:\/\/effervescence-sorbonne.fr\/index.php\/wp-json\/wp\/v2\/media\/649"}],"wp:attachment":[{"href":"https:\/\/effervescence-sorbonne.fr\/index.php\/wp-json\/wp\/v2\/media?parent=396"}],"curies":[{"name":"wp","href":"https:\/\/api.w.org\/{rel}","templated":true}]}}