{"id":96,"date":"2022-09-21T15:42:03","date_gmt":"2022-09-21T13:42:03","guid":{"rendered":"https:\/\/effervescence-sorbonne.fr\/?page_id=96"},"modified":"2022-09-21T15:59:20","modified_gmt":"2022-09-21T13:59:20","slug":"les-masters","status":"publish","type":"page","link":"https:\/\/effervescence-sorbonne.fr\/index.php\/les-masters\/","title":{"rendered":"Les masters"},"content":{"rendered":"\n<p>L&#8217;association Effervescence a pour ambition de rassembler les \u00e9l\u00e8ves des masters professionnels &#8220;M\u00e9tiers de l&#8217;\u00e9dition et de l&#8217;audiovisuel&#8221; de la Sorbonne et de l&#8217;Asfored, r\u00e9partis en trois fili\u00e8res : Cr\u00e9ation \u00e9ditoriale multisupport (CREM), M\u00e9tiers de l\u2019\u00e9crit et de la correction (CORREM), et M\u00e9tiers du sc\u00e9nario et de la direction litt\u00e9raire(SCEDIL).<\/p>\n\n\n\n<ul class=\"wp-block-list\"><li>Une formation professionnelle en alternance, intensive et exigeante qui forme de futurs professionnels de l\u2019\u00e9dition et de l\u2019audiovisuel ;<\/li><li>Une vingtaine d\u2019\u00e9tudiants par master, s\u00e9lectionn\u00e9s sur dossier et entretien de motivation ;<\/li><li>Un programme riche qui allie enseignements professionnels et litt\u00e9raires, stages, m\u00e9moires, et projets individuels ;<\/li><li>Un projet concret et collectif par promotion : un livre pour le master CREM, un projet r\u00e9dactionnel pour le master CORREM, et un projet de court-m\u00e9trage ou de festival pour le master SCEDIL. Chaque projet est r\u00e9alis\u00e9 et diffus\u00e9 de bout en bout par les \u00e9tudiants.<\/li><\/ul>\n\n\n\n<p>Sorbonne-Universit\u00e9 et l&#8217;Asfored ont fait, il y a d\u00e9j\u00e0 plus de trente ans, le pari d\u2019un <strong>rapprochement entre des parcours <\/strong>aux interactions tr\u00e8s fortes (cessions de droits audiovisuels, adaptations d\u2019\u0153uvres litt\u00e9raires en films ou de films en \u0153uvres litt\u00e9raires\u2026). Ce pari se trouve d\u2019autant plus justifi\u00e9 aujourd\u2019hui avec les nouveaux enjeux communs, auxquels r\u00e9pondent notamment les cours de <strong>num\u00e9rique<\/strong>, de <strong>multim\u00e9dia <\/strong>et de<strong> web marketing.<\/strong><\/p>\n\n\n\n<p>Chaque ann\u00e9e, ces trois masters d\u00e9livrent une formation d\u2019excellence fond\u00e9e sur la qualit\u00e9 des enseignements de la <strong>Sorbonne<\/strong>, l\u2019intervention de nombreux professionnels venus des entreprises les plus <strong>dynamiques<\/strong> de l\u2019\u00e9dition et de l\u2019audiovisuel, et la formation aux fonctions de management. Outre leurs comp\u00e9tences cr\u00e9atives et techniques, les \u00e9tudiants doivent \u00e9galement faire la preuve de leur capacit\u00e9 \u00e0 <strong>s\u2019impliquer dans les projets du master<\/strong> et dans l\u2019association Effervescence qui leur permettent de d\u00e9velopper leurs relations avec le <strong>monde professionnel<\/strong>.<\/p>\n\n\n\n<p>Retrouvez la pr\u00e9sentation d\u00e9taill\u00e9e des masters sur le site de la Sorbonne : pour le <a href=\"https:\/\/formations-lettres.sorbonne-universite.fr\/fr\/index\/master-XB\/arts-lettres-langues-ALL\/master-lettres-metiers-de-l-edition-et-de-l-audiovisuel-crem-en-apprentissage-MLETT1L_610.html\">master CREM<\/a> , pour le <a href=\"https:\/\/formations-lettres.sorbonne-universite.fr\/fr\/index\/master-XB\/arts-lettres-langues-ALL\/master-lettres-metiers-de-l-edition-et-de-l-audiovisuel-correm-en-apprentissage-MLETT1L_613.html\">master CORREM<\/a>, et pour le <a href=\"https:\/\/formations-lettres.sorbonne-universite.fr\/fr\/index\/master-XB\/arts-lettres-langues-ALL\/master-lettres-metiers-de-l-edition-et-de-l-audiovisuel-scedil-2eme-annee-p-MLETT1L_609.html\">master SCEDIL<\/a>, ainsi que sur le site de <a href=\"https:\/\/asfored.org\/cfa\/master\/\">l&#8217;Asfored<\/a>.<\/p>\n\n\n\n<p><\/p>\n\n\n\n<p><\/p>\n","protected":false},"excerpt":{"rendered":"<p>L&#8217;association Effervescence a pour ambition de rassembler les \u00e9l\u00e8ves des masters professionnels &#8220;M\u00e9tiers de l&#8217;\u00e9dition et de l&#8217;audiovisuel&#8221; de la Sorbonne et de l&#8217;Asfored, r\u00e9partis en trois fili\u00e8res : Cr\u00e9ation \u00e9ditoriale multisupport (CREM), M\u00e9tiers de l\u2019\u00e9crit et de la correction (CORREM), et M\u00e9tiers du sc\u00e9nario et de la direction litt\u00e9raire(SCEDIL). Une formation professionnelle en alternance,&hellip;&nbsp;<a href=\"https:\/\/effervescence-sorbonne.fr\/index.php\/les-masters\/\" rel=\"bookmark\">Lire la suite &raquo;<span class=\"screen-reader-text\">Les masters<\/span><\/a><\/p>\n","protected":false},"author":1,"featured_media":98,"parent":0,"menu_order":0,"comment_status":"closed","ping_status":"closed","template":"","meta":{"neve_meta_sidebar":"","neve_meta_container":"","neve_meta_enable_content_width":"","neve_meta_content_width":0,"neve_meta_title_alignment":"","neve_meta_author_avatar":"","neve_post_elements_order":"","neve_meta_disable_header":"","neve_meta_disable_footer":"","neve_meta_disable_title":"","footnotes":""},"class_list":["post-96","page","type-page","status-publish","has-post-thumbnail","hentry"],"jetpack_sharing_enabled":true,"_links":{"self":[{"href":"https:\/\/effervescence-sorbonne.fr\/index.php\/wp-json\/wp\/v2\/pages\/96","targetHints":{"allow":["GET"]}}],"collection":[{"href":"https:\/\/effervescence-sorbonne.fr\/index.php\/wp-json\/wp\/v2\/pages"}],"about":[{"href":"https:\/\/effervescence-sorbonne.fr\/index.php\/wp-json\/wp\/v2\/types\/page"}],"author":[{"embeddable":true,"href":"https:\/\/effervescence-sorbonne.fr\/index.php\/wp-json\/wp\/v2\/users\/1"}],"replies":[{"embeddable":true,"href":"https:\/\/effervescence-sorbonne.fr\/index.php\/wp-json\/wp\/v2\/comments?post=96"}],"version-history":[{"count":5,"href":"https:\/\/effervescence-sorbonne.fr\/index.php\/wp-json\/wp\/v2\/pages\/96\/revisions"}],"predecessor-version":[{"id":110,"href":"https:\/\/effervescence-sorbonne.fr\/index.php\/wp-json\/wp\/v2\/pages\/96\/revisions\/110"}],"wp:featuredmedia":[{"embeddable":true,"href":"https:\/\/effervescence-sorbonne.fr\/index.php\/wp-json\/wp\/v2\/media\/98"}],"wp:attachment":[{"href":"https:\/\/effervescence-sorbonne.fr\/index.php\/wp-json\/wp\/v2\/media?parent=96"}],"curies":[{"name":"wp","href":"https:\/\/api.w.org\/{rel}","templated":true}]}}